{"id":218,"date":"2022-06-03T22:42:33","date_gmt":"2022-06-03T22:42:33","guid":{"rendered":"https:\/\/www.kinegoebel.lu\/home\/"},"modified":"2026-04-29T10:51:33","modified_gmt":"2026-04-29T09:51:33","slug":"home","status":"publish","type":"page","link":"https:\/\/www.kinegoebel.lu\/pt-pt\/","title":{"rendered":"Home"},"content":{"rendered":"","protected":false},"excerpt":{"rendered":"","protected":false},"author":4,"featured_media":0,"parent":0,"menu_order":0,"comment_status":"closed","ping_status":"closed","template":"page-templates\/template-home.php","meta":{"_acf_changed":false,"inline_featured_image":false,"footnotes":""},"class_list":["post-218","page","type-page","status-publish","hentry"],"acf":[],"yoast_head":"<!-- This site is optimized with the Yoast SEO plugin v24.4 - https:\/\/yoast.com\/wordpress\/plugins\/seo\/ -->\n<title>Fisioterapia \u2502 Osteopatia \u2502 Kin\u00e9sith\u00e9rapie Karsten G\u00f6bel<\/title>\n<meta name=\"description\" content=\"A nossa pr\u00e1tica fornece massagens e tratamentos terap\u00eauticos para melhorar a sua vida di\u00e1ria e aliviar a dor.\" \/>\n<meta name=\"robots\" content=\"index, follow, max-snippet:-1, max-image-preview:large, max-video-preview:-1\" \/>\n<link rel=\"canonical\" href=\"https:\/\/www.kinegoebel.lu\/pt-pt\/\" \/>\n<meta property=\"og:locale\" content=\"pt_PT\" \/>\n<meta property=\"og:type\" content=\"article\" \/>\n<meta property=\"og:title\" content=\"Fisioterapia \u2502 Osteopatia \u2502 Kin\u00e9sith\u00e9rapie Karsten G\u00f6bel\" \/>\n<meta property=\"og:description\" content=\"A nossa pr\u00e1tica fornece massagens e tratamentos terap\u00eauticos para melhorar a sua vida di\u00e1ria e aliviar a dor.\" \/>\n<meta property=\"og:url\" content=\"https:\/\/www.kinegoebel.lu\/pt-pt\/\" \/>\n<meta property=\"og:site_name\" content=\"Kin\u00e9sith\u00e9rapie Karsten G\u00f6bel\" \/>\n<meta property=\"article:modified_time\" content=\"2026-04-29T09:51:33+00:00\" \/>\n<meta name=\"twitter:card\" content=\"summary_large_image\" \/>\n<script type=\"application\/ld+json\" class=\"yoast-schema-graph\">{\"@context\":\"https:\/\/schema.org\",\"@graph\":[{\"@type\":\"WebPage\",\"@id\":\"https:\/\/www.kinegoebel.lu\/pt-pt\/\",\"url\":\"https:\/\/www.kinegoebel.lu\/pt-pt\/\",\"name\":\"Fisioterapia \u2502 Osteopatia \u2502 Kin\u00e9sith\u00e9rapie Karsten G\u00f6bel\",\"isPartOf\":{\"@id\":\"https:\/\/www.kinegoebel.lu\/pt-pt\/#website\"},\"datePublished\":\"2022-06-03T22:42:33+00:00\",\"dateModified\":\"2026-04-29T09:51:33+00:00\",\"description\":\"A nossa pr\u00e1tica fornece massagens e tratamentos terap\u00eauticos para melhorar a sua vida di\u00e1ria e aliviar a dor.\",\"breadcrumb\":{\"@id\":\"https:\/\/www.kinegoebel.lu\/pt-pt\/#breadcrumb\"},\"inLanguage\":\"pt-PT\",\"potentialAction\":[{\"@type\":\"ReadAction\",\"target\":[\"https:\/\/www.kinegoebel.lu\/pt-pt\/\"]}]},{\"@type\":\"BreadcrumbList\",\"@id\":\"https:\/\/www.kinegoebel.lu\/pt-pt\/#breadcrumb\",\"itemListElement\":[{\"@type\":\"ListItem\",\"position\":1,\"name\":\"Home\",\"item\":\"https:\/\/www.kinegoebel.lu\/pt-pt\/\"},{\"@type\":\"ListItem\",\"position\":2,\"name\":\"Home\"}]},{\"@type\":\"WebSite\",\"@id\":\"https:\/\/www.kinegoebel.lu\/pt-pt\/#website\",\"url\":\"https:\/\/www.kinegoebel.lu\/pt-pt\/\",\"name\":\"Kin\u00e9sith\u00e9rapie Karsten G\u00f6bel\",\"description\":\"Physioth\u00e9rapie \u00e0 Echternach\",\"potentialAction\":[{\"@type\":\"SearchAction\",\"target\":{\"@type\":\"EntryPoint\",\"urlTemplate\":\"https:\/\/www.kinegoebel.lu\/pt-pt\/?s={search_term_string}\"},\"query-input\":{\"@type\":\"PropertyValueSpecification\",\"valueRequired\":true,\"valueName\":\"search_term_string\"}}],\"inLanguage\":\"pt-PT\"}]}<\/script>\n<!-- \/ Yoast SEO plugin. -->","yoast_head_json":{"title":"Fisioterapia \u2502 Osteopatia \u2502 Kin\u00e9sith\u00e9rapie Karsten G\u00f6bel","description":"A nossa pr\u00e1tica fornece massagens e tratamentos terap\u00eauticos para melhorar a sua vida di\u00e1ria e aliviar a dor.","robots":{"index":"index","follow":"follow","max-snippet":"max-snippet:-1","max-image-preview":"max-image-preview:large","max-video-preview":"max-video-preview:-1"},"canonical":"https:\/\/www.kinegoebel.lu\/pt-pt\/","og_locale":"pt_PT","og_type":"article","og_title":"Fisioterapia \u2502 Osteopatia \u2502 Kin\u00e9sith\u00e9rapie Karsten G\u00f6bel","og_description":"A nossa pr\u00e1tica fornece massagens e tratamentos terap\u00eauticos para melhorar a sua vida di\u00e1ria e aliviar a dor.","og_url":"https:\/\/www.kinegoebel.lu\/pt-pt\/","og_site_name":"Kin\u00e9sith\u00e9rapie Karsten G\u00f6bel","article_modified_time":"2026-04-29T09:51:33+00:00","twitter_card":"summary_large_image","schema":{"@context":"https:\/\/schema.org","@graph":[{"@type":"WebPage","@id":"https:\/\/www.kinegoebel.lu\/pt-pt\/","url":"https:\/\/www.kinegoebel.lu\/pt-pt\/","name":"Fisioterapia \u2502 Osteopatia \u2502 Kin\u00e9sith\u00e9rapie Karsten G\u00f6bel","isPartOf":{"@id":"https:\/\/www.kinegoebel.lu\/pt-pt\/#website"},"datePublished":"2022-06-03T22:42:33+00:00","dateModified":"2026-04-29T09:51:33+00:00","description":"A nossa pr\u00e1tica fornece massagens e tratamentos terap\u00eauticos para melhorar a sua vida di\u00e1ria e aliviar a dor.","breadcrumb":{"@id":"https:\/\/www.kinegoebel.lu\/pt-pt\/#breadcrumb"},"inLanguage":"pt-PT","potentialAction":[{"@type":"ReadAction","target":["https:\/\/www.kinegoebel.lu\/pt-pt\/"]}]},{"@type":"BreadcrumbList","@id":"https:\/\/www.kinegoebel.lu\/pt-pt\/#breadcrumb","itemListElement":[{"@type":"ListItem","position":1,"name":"Home","item":"https:\/\/www.kinegoebel.lu\/pt-pt\/"},{"@type":"ListItem","position":2,"name":"Home"}]},{"@type":"WebSite","@id":"https:\/\/www.kinegoebel.lu\/pt-pt\/#website","url":"https:\/\/www.kinegoebel.lu\/pt-pt\/","name":"Kin\u00e9sith\u00e9rapie Karsten G\u00f6bel","description":"Physioth\u00e9rapie \u00e0 Echternach","potentialAction":[{"@type":"SearchAction","target":{"@type":"EntryPoint","urlTemplate":"https:\/\/www.kinegoebel.lu\/pt-pt\/?s={search_term_string}"},"query-input":{"@type":"PropertyValueSpecification","valueRequired":true,"valueName":"search_term_string"}}],"inLanguage":"pt-PT"}]}},"_links":{"self":[{"href":"https:\/\/www.kinegoebel.lu\/pt-pt\/wp-json\/wp\/v2\/pages\/218","targetHints":{"allow":["GET"]}}],"collection":[{"href":"https:\/\/www.kinegoebel.lu\/pt-pt\/wp-json\/wp\/v2\/pages"}],"about":[{"href":"https:\/\/www.kinegoebel.lu\/pt-pt\/wp-json\/wp\/v2\/types\/page"}],"author":[{"embeddable":true,"href":"https:\/\/www.kinegoebel.lu\/pt-pt\/wp-json\/wp\/v2\/users\/4"}],"replies":[{"embeddable":true,"href":"https:\/\/www.kinegoebel.lu\/pt-pt\/wp-json\/wp\/v2\/comments?post=218"}],"version-history":[{"count":34,"href":"https:\/\/www.kinegoebel.lu\/pt-pt\/wp-json\/wp\/v2\/pages\/218\/revisions"}],"predecessor-version":[{"id":1045,"href":"https:\/\/www.kinegoebel.lu\/pt-pt\/wp-json\/wp\/v2\/pages\/218\/revisions\/1045"}],"wp:attachment":[{"href":"https:\/\/www.kinegoebel.lu\/pt-pt\/wp-json\/wp\/v2\/media?parent=218"}],"curies":[{"name":"wp","href":"https:\/\/api.w.org\/{rel}","templated":true}]}}